{"id":19,"date":"2016-09-14T17:31:54","date_gmt":"2016-09-14T16:31:54","guid":{"rendered":"http:\/\/mu.coherences.com\/craigsutton\/?page_id=19"},"modified":"2019-04-29T19:28:10","modified_gmt":"2019-04-29T18:28:10","slug":"parcours","status":"publish","type":"page","link":"http:\/\/mu.coherences.com\/craigsutton\/parcours\/","title":{"rendered":"Parcours"},"content":{"rendered":"<p><img loading=\"lazy\" decoding=\"async\" class=\"alignleft wp-image-114\" src=\"http:\/\/mu.coherences.com\/craigsutton\/wp-content\/uploads\/sites\/3\/2016\/09\/DSC057222-z.jpg\" alt=\"DSC05722(2) z\" width=\"381\" height=\"285\" srcset=\"http:\/\/mu.coherences.com\/craigsutton\/wp-content\/uploads\/sites\/3\/2016\/09\/DSC057222-z.jpg 1200w, http:\/\/mu.coherences.com\/craigsutton\/wp-content\/uploads\/sites\/3\/2016\/09\/DSC057222-z-300x225.jpg 300w, http:\/\/mu.coherences.com\/craigsutton\/wp-content\/uploads\/sites\/3\/2016\/09\/DSC057222-z-768x576.jpg 768w, http:\/\/mu.coherences.com\/craigsutton\/wp-content\/uploads\/sites\/3\/2016\/09\/DSC057222-z-1024x768.jpg 1024w\" sizes=\"auto, (max-width: 381px) 85vw, 381px\" \/>Apr\u00e8s avoir fait des \u00e9tudes d\u2019art dans le nord de l\u2019Angleterre, Craig Sutton a quitt\u00e9 son pays pour s\u2019installer en France. Il y a exerc\u00e9 le m\u00e9tier de cr\u00e9ateur de bijoux, de traducteur et de professeur d\u2019anglais, en tant qu\u2019ind\u00e9pendant, tout en poursuivant des projets personnels artistiques dans les domaines de l\u2019\u00e9criture, la peinture et la photographie<\/p>\n<p>&nbsp;<\/p>\n<p>&nbsp;<\/p>\n<p>Aujourd\u2019hui, il enseigne les arts plastiques et la photographie et participe \u00e0 des projets et des stages li\u00e9s \u00e0 la valorisation de soi et la cr\u00e9ativit\u00e9\u00a0<a href=\"http:\/\/etilesum.fr\" target=\"_blank\">avec l&rsquo;association ETILESUM<\/a>.<\/p>\n<p>&nbsp;<\/p>\n","protected":false},"excerpt":{"rendered":"<p>Apr\u00e8s avoir fait des \u00e9tudes d\u2019art dans le nord de l\u2019Angleterre, Craig Sutton a quitt\u00e9 son pays pour s\u2019installer en France. Il y a exerc\u00e9 le m\u00e9tier de cr\u00e9ateur de bijoux, de traducteur et de professeur d\u2019anglais, en tant qu\u2019ind\u00e9pendant, tout en poursuivant des projets personnels artistiques dans les domaines de l\u2019\u00e9criture, la peinture et &hellip; <a href=\"http:\/\/mu.coherences.com\/craigsutton\/parcours\/\" class=\"more-link\">Continuer la lecture<span class=\"screen-reader-text\"> de &laquo;&nbsp;Parcours&nbsp;&raquo;<\/span><\/a><\/p>\n","protected":false},"author":1,"featured_media":0,"parent":0,"menu_order":0,"comment_status":"closed","ping_status":"closed","template":"","meta":{"ngg_post_thumbnail":0,"footnotes":""},"class_list":["post-19","page","type-page","status-publish","hentry"],"yoast_head":"<!-- This site is optimized with the Yoast SEO plugin v27.5 - https:\/\/yoast.com\/product\/yoast-seo-wordpress\/ -->\n<title>Parcours - Craig Sutton<\/title>\n<meta name=\"robots\" content=\"index, follow, max-snippet:-1, max-image-preview:large, max-video-preview:-1\" \/>\n<link rel=\"canonical\" href=\"https:\/\/mu.coherences.com\/craigsutton\/parcours\/\" \/>\n<meta property=\"og:locale\" content=\"fr_FR\" \/>\n<meta property=\"og:type\" content=\"article\" \/>\n<meta property=\"og:title\" content=\"Parcours - Craig Sutton\" \/>\n<meta property=\"og:description\" content=\"Apr\u00e8s avoir fait des \u00e9tudes d\u2019art dans le nord de l\u2019Angleterre, Craig Sutton a quitt\u00e9 son pays pour s\u2019installer en France. Il y a exerc\u00e9 le m\u00e9tier de cr\u00e9ateur de bijoux, de traducteur et de professeur d\u2019anglais, en tant qu\u2019ind\u00e9pendant, tout en poursuivant des projets personnels artistiques dans les domaines de l\u2019\u00e9criture, la peinture et &hellip; Continuer la lecture de &laquo;&nbsp;Parcours&nbsp;&raquo;\" \/>\n<meta property=\"og:url\" content=\"https:\/\/mu.coherences.com\/craigsutton\/parcours\/\" \/>\n<meta property=\"og:site_name\" content=\"Craig Sutton\" \/>\n<meta property=\"article:modified_time\" content=\"2019-04-29T18:28:10+00:00\" \/>\n<meta property=\"og:image\" content=\"http:\/\/mu.coherences.com\/craigsutton\/wp-content\/uploads\/sites\/3\/2016\/09\/DSC057222-z.jpg\" \/>\n<meta name=\"twitter:card\" content=\"summary_large_image\" \/>\n<meta name=\"twitter:label1\" content=\"Dur\u00e9e de lecture estim\u00e9e\" \/>\n\t<meta name=\"twitter:data1\" content=\"1 minute\" \/>\n<script type=\"application\/ld+json\" class=\"yoast-schema-graph\">{\"@context\":\"https:\\\/\\\/schema.org\",\"@graph\":[{\"@type\":\"WebPage\",\"@id\":\"https:\\\/\\\/mu.coherences.com\\\/craigsutton\\\/parcours\\\/\",\"url\":\"https:\\\/\\\/mu.coherences.com\\\/craigsutton\\\/parcours\\\/\",\"name\":\"Parcours - Craig Sutton\",\"isPartOf\":{\"@id\":\"http:\\\/\\\/mu.coherences.com\\\/craigsutton\\\/#website\"},\"primaryImageOfPage\":{\"@id\":\"https:\\\/\\\/mu.coherences.com\\\/craigsutton\\\/parcours\\\/#primaryimage\"},\"image\":{\"@id\":\"https:\\\/\\\/mu.coherences.com\\\/craigsutton\\\/parcours\\\/#primaryimage\"},\"thumbnailUrl\":\"http:\\\/\\\/mu.coherences.com\\\/craigsutton\\\/wp-content\\\/uploads\\\/sites\\\/3\\\/2016\\\/09\\\/DSC057222-z.jpg\",\"datePublished\":\"2016-09-14T16:31:54+00:00\",\"dateModified\":\"2019-04-29T18:28:10+00:00\",\"breadcrumb\":{\"@id\":\"https:\\\/\\\/mu.coherences.com\\\/craigsutton\\\/parcours\\\/#breadcrumb\"},\"inLanguage\":\"fr-FR\",\"potentialAction\":[{\"@type\":\"ReadAction\",\"target\":[\"https:\\\/\\\/mu.coherences.com\\\/craigsutton\\\/parcours\\\/\"]}]},{\"@type\":\"ImageObject\",\"inLanguage\":\"fr-FR\",\"@id\":\"https:\\\/\\\/mu.coherences.com\\\/craigsutton\\\/parcours\\\/#primaryimage\",\"url\":\"http:\\\/\\\/mu.coherences.com\\\/craigsutton\\\/wp-content\\\/uploads\\\/sites\\\/3\\\/2016\\\/09\\\/DSC057222-z.jpg\",\"contentUrl\":\"http:\\\/\\\/mu.coherences.com\\\/craigsutton\\\/wp-content\\\/uploads\\\/sites\\\/3\\\/2016\\\/09\\\/DSC057222-z.jpg\",\"width\":1200,\"height\":900},{\"@type\":\"BreadcrumbList\",\"@id\":\"https:\\\/\\\/mu.coherences.com\\\/craigsutton\\\/parcours\\\/#breadcrumb\",\"itemListElement\":[{\"@type\":\"ListItem\",\"position\":1,\"name\":\"Accueil\",\"item\":\"http:\\\/\\\/mu.coherences.com\\\/craigsutton\\\/\"},{\"@type\":\"ListItem\",\"position\":2,\"name\":\"Parcours\"}]},{\"@type\":\"WebSite\",\"@id\":\"http:\\\/\\\/mu.coherences.com\\\/craigsutton\\\/#website\",\"url\":\"http:\\\/\\\/mu.coherences.com\\\/craigsutton\\\/\",\"name\":\"Craig Sutton\",\"description\":\"Plasticien\",\"potentialAction\":[{\"@type\":\"SearchAction\",\"target\":{\"@type\":\"EntryPoint\",\"urlTemplate\":\"http:\\\/\\\/mu.coherences.com\\\/craigsutton\\\/?s={search_term_string}\"},\"query-input\":{\"@type\":\"PropertyValueSpecification\",\"valueRequired\":true,\"valueName\":\"search_term_string\"}}],\"inLanguage\":\"fr-FR\"}]}<\/script>\n<!-- \/ Yoast SEO plugin. -->","yoast_head_json":{"title":"Parcours - Craig Sutton","robots":{"index":"index","follow":"follow","max-snippet":"max-snippet:-1","max-image-preview":"max-image-preview:large","max-video-preview":"max-video-preview:-1"},"canonical":"https:\/\/mu.coherences.com\/craigsutton\/parcours\/","og_locale":"fr_FR","og_type":"article","og_title":"Parcours - Craig Sutton","og_description":"Apr\u00e8s avoir fait des \u00e9tudes d\u2019art dans le nord de l\u2019Angleterre, Craig Sutton a quitt\u00e9 son pays pour s\u2019installer en France. Il y a exerc\u00e9 le m\u00e9tier de cr\u00e9ateur de bijoux, de traducteur et de professeur d\u2019anglais, en tant qu\u2019ind\u00e9pendant, tout en poursuivant des projets personnels artistiques dans les domaines de l\u2019\u00e9criture, la peinture et &hellip; Continuer la lecture de &laquo;&nbsp;Parcours&nbsp;&raquo;","og_url":"https:\/\/mu.coherences.com\/craigsutton\/parcours\/","og_site_name":"Craig Sutton","article_modified_time":"2019-04-29T18:28:10+00:00","og_image":[{"url":"http:\/\/mu.coherences.com\/craigsutton\/wp-content\/uploads\/sites\/3\/2016\/09\/DSC057222-z.jpg","type":"","width":"","height":""}],"twitter_card":"summary_large_image","twitter_misc":{"Dur\u00e9e de lecture estim\u00e9e":"1 minute"},"schema":{"@context":"https:\/\/schema.org","@graph":[{"@type":"WebPage","@id":"https:\/\/mu.coherences.com\/craigsutton\/parcours\/","url":"https:\/\/mu.coherences.com\/craigsutton\/parcours\/","name":"Parcours - Craig Sutton","isPartOf":{"@id":"http:\/\/mu.coherences.com\/craigsutton\/#website"},"primaryImageOfPage":{"@id":"https:\/\/mu.coherences.com\/craigsutton\/parcours\/#primaryimage"},"image":{"@id":"https:\/\/mu.coherences.com\/craigsutton\/parcours\/#primaryimage"},"thumbnailUrl":"http:\/\/mu.coherences.com\/craigsutton\/wp-content\/uploads\/sites\/3\/2016\/09\/DSC057222-z.jpg","datePublished":"2016-09-14T16:31:54+00:00","dateModified":"2019-04-29T18:28:10+00:00","breadcrumb":{"@id":"https:\/\/mu.coherences.com\/craigsutton\/parcours\/#breadcrumb"},"inLanguage":"fr-FR","potentialAction":[{"@type":"ReadAction","target":["https:\/\/mu.coherences.com\/craigsutton\/parcours\/"]}]},{"@type":"ImageObject","inLanguage":"fr-FR","@id":"https:\/\/mu.coherences.com\/craigsutton\/parcours\/#primaryimage","url":"http:\/\/mu.coherences.com\/craigsutton\/wp-content\/uploads\/sites\/3\/2016\/09\/DSC057222-z.jpg","contentUrl":"http:\/\/mu.coherences.com\/craigsutton\/wp-content\/uploads\/sites\/3\/2016\/09\/DSC057222-z.jpg","width":1200,"height":900},{"@type":"BreadcrumbList","@id":"https:\/\/mu.coherences.com\/craigsutton\/parcours\/#breadcrumb","itemListElement":[{"@type":"ListItem","position":1,"name":"Accueil","item":"http:\/\/mu.coherences.com\/craigsutton\/"},{"@type":"ListItem","position":2,"name":"Parcours"}]},{"@type":"WebSite","@id":"http:\/\/mu.coherences.com\/craigsutton\/#website","url":"http:\/\/mu.coherences.com\/craigsutton\/","name":"Craig Sutton","description":"Plasticien","potentialAction":[{"@type":"SearchAction","target":{"@type":"EntryPoint","urlTemplate":"http:\/\/mu.coherences.com\/craigsutton\/?s={search_term_string}"},"query-input":{"@type":"PropertyValueSpecification","valueRequired":true,"valueName":"search_term_string"}}],"inLanguage":"fr-FR"}]}},"_links":{"self":[{"href":"http:\/\/mu.coherences.com\/craigsutton\/wp-json\/wp\/v2\/pages\/19","targetHints":{"allow":["GET"]}}],"collection":[{"href":"http:\/\/mu.coherences.com\/craigsutton\/wp-json\/wp\/v2\/pages"}],"about":[{"href":"http:\/\/mu.coherences.com\/craigsutton\/wp-json\/wp\/v2\/types\/page"}],"author":[{"embeddable":true,"href":"http:\/\/mu.coherences.com\/craigsutton\/wp-json\/wp\/v2\/users\/1"}],"replies":[{"embeddable":true,"href":"http:\/\/mu.coherences.com\/craigsutton\/wp-json\/wp\/v2\/comments?post=19"}],"version-history":[{"count":17,"href":"http:\/\/mu.coherences.com\/craigsutton\/wp-json\/wp\/v2\/pages\/19\/revisions"}],"predecessor-version":[{"id":300,"href":"http:\/\/mu.coherences.com\/craigsutton\/wp-json\/wp\/v2\/pages\/19\/revisions\/300"}],"wp:attachment":[{"href":"http:\/\/mu.coherences.com\/craigsutton\/wp-json\/wp\/v2\/media?parent=19"}],"curies":[{"name":"wp","href":"https:\/\/api.w.org\/{rel}","templated":true}]}}