{"id":129,"date":"2018-02-07T13:29:57","date_gmt":"2018-02-07T12:29:57","guid":{"rendered":"http:\/\/mu.coherences.com\/craigsutton\/?page_id=129"},"modified":"2019-04-29T09:18:32","modified_gmt":"2019-04-29T08:18:32","slug":"peintures","status":"publish","type":"page","link":"http:\/\/mu.coherences.com\/craigsutton\/peintures\/","title":{"rendered":"Peintures"},"content":{"rendered":"<p>Peindre sans mod\u00e8le, en laissant \u2018la chose\u2019 venir. Il y a le choix de la couleur, parfois un vague projet, une forme\u00a0; mais tout s&rsquo;oublie vite\u00a0et c\u2019est \u2018la chose\u2019 qui prend le contr\u00f4le. Une montagne appara\u00eet, un animal, un cercle\u2026 mais ce n\u2019est pas une montagne que je connais, ni un animal qui existe, mais plut\u00f4t un autre monde. L\u2019image devient de plus en plus famili\u00e8re, comme si je l\u2019avais d\u00e9j\u00e0 vue. Mais o\u00f9\u00a0? Je ne sais pas.<\/p>\nngg_shortcode_0_placeholder\n<p>&nbsp;<\/p>\n<p>&nbsp;<\/p>\n","protected":false},"excerpt":{"rendered":"<p>Peindre sans mod\u00e8le, en laissant \u2018la chose\u2019 venir. Il y a le choix de la couleur, parfois un vague projet, une forme\u00a0; mais tout s&rsquo;oublie vite\u00a0et c\u2019est \u2018la chose\u2019 qui prend le contr\u00f4le. Une montagne appara\u00eet, un animal, un cercle\u2026 mais ce n\u2019est pas une montagne que je connais, ni un animal qui existe, mais &hellip; <a href=\"http:\/\/mu.coherences.com\/craigsutton\/peintures\/\" class=\"more-link\">Continuer la lecture<span class=\"screen-reader-text\"> de &laquo;&nbsp;Peintures&nbsp;&raquo;<\/span><\/a><\/p>\n","protected":false},"author":1,"featured_media":0,"parent":0,"menu_order":0,"comment_status":"closed","ping_status":"closed","template":"","meta":{"ngg_post_thumbnail":0,"footnotes":""},"class_list":["post-129","page","type-page","status-publish","hentry"],"yoast_head":"<!-- This site is optimized with the Yoast SEO plugin v27.4 - https:\/\/yoast.com\/product\/yoast-seo-wordpress\/ -->\n<title>Peintures - Craig Sutton<\/title>\n<meta name=\"robots\" content=\"index, follow, max-snippet:-1, max-image-preview:large, max-video-preview:-1\" \/>\n<link rel=\"canonical\" href=\"https:\/\/mu.coherences.com\/craigsutton\/peintures\/\" \/>\n<meta property=\"og:locale\" content=\"fr_FR\" \/>\n<meta property=\"og:type\" content=\"article\" \/>\n<meta property=\"og:title\" content=\"Peintures - Craig Sutton\" \/>\n<meta property=\"og:description\" content=\"Peindre sans mod\u00e8le, en laissant \u2018la chose\u2019 venir. Il y a le choix de la couleur, parfois un vague projet, une forme\u00a0; mais tout s&rsquo;oublie vite\u00a0et c\u2019est \u2018la chose\u2019 qui prend le contr\u00f4le. Une montagne appara\u00eet, un animal, un cercle\u2026 mais ce n\u2019est pas une montagne que je connais, ni un animal qui existe, mais &hellip; Continuer la lecture de &laquo;&nbsp;Peintures&nbsp;&raquo;\" \/>\n<meta property=\"og:url\" content=\"https:\/\/mu.coherences.com\/craigsutton\/peintures\/\" \/>\n<meta property=\"og:site_name\" content=\"Craig Sutton\" \/>\n<meta property=\"article:modified_time\" content=\"2019-04-29T08:18:32+00:00\" \/>\n<meta name=\"twitter:card\" content=\"summary_large_image\" \/>\n<script type=\"application\/ld+json\" class=\"yoast-schema-graph\">{\"@context\":\"https:\\\/\\\/schema.org\",\"@graph\":[{\"@type\":\"WebPage\",\"@id\":\"https:\\\/\\\/mu.coherences.com\\\/craigsutton\\\/peintures\\\/\",\"url\":\"https:\\\/\\\/mu.coherences.com\\\/craigsutton\\\/peintures\\\/\",\"name\":\"Peintures - Craig Sutton\",\"isPartOf\":{\"@id\":\"http:\\\/\\\/mu.coherences.com\\\/craigsutton\\\/#website\"},\"datePublished\":\"2018-02-07T12:29:57+00:00\",\"dateModified\":\"2019-04-29T08:18:32+00:00\",\"breadcrumb\":{\"@id\":\"https:\\\/\\\/mu.coherences.com\\\/craigsutton\\\/peintures\\\/#breadcrumb\"},\"inLanguage\":\"fr-FR\",\"potentialAction\":[{\"@type\":\"ReadAction\",\"target\":[\"https:\\\/\\\/mu.coherences.com\\\/craigsutton\\\/peintures\\\/\"]}]},{\"@type\":\"BreadcrumbList\",\"@id\":\"https:\\\/\\\/mu.coherences.com\\\/craigsutton\\\/peintures\\\/#breadcrumb\",\"itemListElement\":[{\"@type\":\"ListItem\",\"position\":1,\"name\":\"Accueil\",\"item\":\"http:\\\/\\\/mu.coherences.com\\\/craigsutton\\\/\"},{\"@type\":\"ListItem\",\"position\":2,\"name\":\"Peintures\"}]},{\"@type\":\"WebSite\",\"@id\":\"http:\\\/\\\/mu.coherences.com\\\/craigsutton\\\/#website\",\"url\":\"http:\\\/\\\/mu.coherences.com\\\/craigsutton\\\/\",\"name\":\"Craig Sutton\",\"description\":\"Plasticien\",\"potentialAction\":[{\"@type\":\"SearchAction\",\"target\":{\"@type\":\"EntryPoint\",\"urlTemplate\":\"http:\\\/\\\/mu.coherences.com\\\/craigsutton\\\/?s={search_term_string}\"},\"query-input\":{\"@type\":\"PropertyValueSpecification\",\"valueRequired\":true,\"valueName\":\"search_term_string\"}}],\"inLanguage\":\"fr-FR\"}]}<\/script>\n<!-- \/ Yoast SEO plugin. -->","yoast_head_json":{"title":"Peintures - Craig Sutton","robots":{"index":"index","follow":"follow","max-snippet":"max-snippet:-1","max-image-preview":"max-image-preview:large","max-video-preview":"max-video-preview:-1"},"canonical":"https:\/\/mu.coherences.com\/craigsutton\/peintures\/","og_locale":"fr_FR","og_type":"article","og_title":"Peintures - Craig Sutton","og_description":"Peindre sans mod\u00e8le, en laissant \u2018la chose\u2019 venir. Il y a le choix de la couleur, parfois un vague projet, une forme\u00a0; mais tout s&rsquo;oublie vite\u00a0et c\u2019est \u2018la chose\u2019 qui prend le contr\u00f4le. Une montagne appara\u00eet, un animal, un cercle\u2026 mais ce n\u2019est pas une montagne que je connais, ni un animal qui existe, mais &hellip; Continuer la lecture de &laquo;&nbsp;Peintures&nbsp;&raquo;","og_url":"https:\/\/mu.coherences.com\/craigsutton\/peintures\/","og_site_name":"Craig Sutton","article_modified_time":"2019-04-29T08:18:32+00:00","twitter_card":"summary_large_image","schema":{"@context":"https:\/\/schema.org","@graph":[{"@type":"WebPage","@id":"https:\/\/mu.coherences.com\/craigsutton\/peintures\/","url":"https:\/\/mu.coherences.com\/craigsutton\/peintures\/","name":"Peintures - Craig Sutton","isPartOf":{"@id":"http:\/\/mu.coherences.com\/craigsutton\/#website"},"datePublished":"2018-02-07T12:29:57+00:00","dateModified":"2019-04-29T08:18:32+00:00","breadcrumb":{"@id":"https:\/\/mu.coherences.com\/craigsutton\/peintures\/#breadcrumb"},"inLanguage":"fr-FR","potentialAction":[{"@type":"ReadAction","target":["https:\/\/mu.coherences.com\/craigsutton\/peintures\/"]}]},{"@type":"BreadcrumbList","@id":"https:\/\/mu.coherences.com\/craigsutton\/peintures\/#breadcrumb","itemListElement":[{"@type":"ListItem","position":1,"name":"Accueil","item":"http:\/\/mu.coherences.com\/craigsutton\/"},{"@type":"ListItem","position":2,"name":"Peintures"}]},{"@type":"WebSite","@id":"http:\/\/mu.coherences.com\/craigsutton\/#website","url":"http:\/\/mu.coherences.com\/craigsutton\/","name":"Craig Sutton","description":"Plasticien","potentialAction":[{"@type":"SearchAction","target":{"@type":"EntryPoint","urlTemplate":"http:\/\/mu.coherences.com\/craigsutton\/?s={search_term_string}"},"query-input":{"@type":"PropertyValueSpecification","valueRequired":true,"valueName":"search_term_string"}}],"inLanguage":"fr-FR"}]}},"_links":{"self":[{"href":"http:\/\/mu.coherences.com\/craigsutton\/wp-json\/wp\/v2\/pages\/129","targetHints":{"allow":["GET"]}}],"collection":[{"href":"http:\/\/mu.coherences.com\/craigsutton\/wp-json\/wp\/v2\/pages"}],"about":[{"href":"http:\/\/mu.coherences.com\/craigsutton\/wp-json\/wp\/v2\/types\/page"}],"author":[{"embeddable":true,"href":"http:\/\/mu.coherences.com\/craigsutton\/wp-json\/wp\/v2\/users\/1"}],"replies":[{"embeddable":true,"href":"http:\/\/mu.coherences.com\/craigsutton\/wp-json\/wp\/v2\/comments?post=129"}],"version-history":[{"count":6,"href":"http:\/\/mu.coherences.com\/craigsutton\/wp-json\/wp\/v2\/pages\/129\/revisions"}],"predecessor-version":[{"id":298,"href":"http:\/\/mu.coherences.com\/craigsutton\/wp-json\/wp\/v2\/pages\/129\/revisions\/298"}],"wp:attachment":[{"href":"http:\/\/mu.coherences.com\/craigsutton\/wp-json\/wp\/v2\/media?parent=129"}],"curies":[{"name":"wp","href":"https:\/\/api.w.org\/{rel}","templated":true}]}}