{"id":11,"date":"2016-09-14T17:29:55","date_gmt":"2016-09-14T16:29:55","guid":{"rendered":"http:\/\/mu.coherences.com\/craigsutton\/?page_id=11"},"modified":"2019-04-27T17:32:40","modified_gmt":"2019-04-27T16:32:40","slug":"photos","status":"publish","type":"page","link":"http:\/\/mu.coherences.com\/craigsutton\/photos\/","title":{"rendered":"Sols"},"content":{"rendered":"<p>Le regard se porte vers le sol.<br \/>\nA notre grand \u00e9tonnement, il y a de la beaut\u00e9, des couleurs, des textures, des t\u00e2ches de lumi\u00e8re&#8230;<\/p>\n<p>&nbsp;<\/p>\nngg_shortcode_0_placeholder\n","protected":false},"excerpt":{"rendered":"<p>Le regard se porte vers le sol. A notre grand \u00e9tonnement, il y a de la beaut\u00e9, des couleurs, des textures, des t\u00e2ches de lumi\u00e8re&#8230; &nbsp;<\/p>\n","protected":false},"author":1,"featured_media":0,"parent":0,"menu_order":0,"comment_status":"closed","ping_status":"closed","template":"","meta":{"ngg_post_thumbnail":0,"footnotes":""},"class_list":["post-11","page","type-page","status-publish","hentry"],"yoast_head":"<!-- This site is optimized with the Yoast SEO plugin v27.5 - https:\/\/yoast.com\/product\/yoast-seo-wordpress\/ -->\n<title>Sols - Craig Sutton<\/title>\n<meta name=\"robots\" content=\"index, follow, max-snippet:-1, max-image-preview:large, max-video-preview:-1\" \/>\n<link rel=\"canonical\" href=\"https:\/\/mu.coherences.com\/craigsutton\/photos\/\" \/>\n<meta property=\"og:locale\" content=\"fr_FR\" \/>\n<meta property=\"og:type\" content=\"article\" \/>\n<meta property=\"og:title\" content=\"Sols - Craig Sutton\" \/>\n<meta property=\"og:description\" content=\"Le regard se porte vers le sol. A notre grand \u00e9tonnement, il y a de la beaut\u00e9, des couleurs, des textures, des t\u00e2ches de lumi\u00e8re&#8230; &nbsp;\" \/>\n<meta property=\"og:url\" content=\"https:\/\/mu.coherences.com\/craigsutton\/photos\/\" \/>\n<meta property=\"og:site_name\" content=\"Craig Sutton\" \/>\n<meta property=\"article:modified_time\" content=\"2019-04-27T16:32:40+00:00\" \/>\n<meta name=\"twitter:card\" content=\"summary_large_image\" \/>\n<script type=\"application\/ld+json\" class=\"yoast-schema-graph\">{\"@context\":\"https:\\\/\\\/schema.org\",\"@graph\":[{\"@type\":\"WebPage\",\"@id\":\"https:\\\/\\\/mu.coherences.com\\\/craigsutton\\\/photos\\\/\",\"url\":\"https:\\\/\\\/mu.coherences.com\\\/craigsutton\\\/photos\\\/\",\"name\":\"Sols - Craig Sutton\",\"isPartOf\":{\"@id\":\"http:\\\/\\\/mu.coherences.com\\\/craigsutton\\\/#website\"},\"datePublished\":\"2016-09-14T16:29:55+00:00\",\"dateModified\":\"2019-04-27T16:32:40+00:00\",\"breadcrumb\":{\"@id\":\"https:\\\/\\\/mu.coherences.com\\\/craigsutton\\\/photos\\\/#breadcrumb\"},\"inLanguage\":\"fr-FR\",\"potentialAction\":[{\"@type\":\"ReadAction\",\"target\":[\"https:\\\/\\\/mu.coherences.com\\\/craigsutton\\\/photos\\\/\"]}]},{\"@type\":\"BreadcrumbList\",\"@id\":\"https:\\\/\\\/mu.coherences.com\\\/craigsutton\\\/photos\\\/#breadcrumb\",\"itemListElement\":[{\"@type\":\"ListItem\",\"position\":1,\"name\":\"Accueil\",\"item\":\"http:\\\/\\\/mu.coherences.com\\\/craigsutton\\\/\"},{\"@type\":\"ListItem\",\"position\":2,\"name\":\"Sols\"}]},{\"@type\":\"WebSite\",\"@id\":\"http:\\\/\\\/mu.coherences.com\\\/craigsutton\\\/#website\",\"url\":\"http:\\\/\\\/mu.coherences.com\\\/craigsutton\\\/\",\"name\":\"Craig Sutton\",\"description\":\"Plasticien\",\"potentialAction\":[{\"@type\":\"SearchAction\",\"target\":{\"@type\":\"EntryPoint\",\"urlTemplate\":\"http:\\\/\\\/mu.coherences.com\\\/craigsutton\\\/?s={search_term_string}\"},\"query-input\":{\"@type\":\"PropertyValueSpecification\",\"valueRequired\":true,\"valueName\":\"search_term_string\"}}],\"inLanguage\":\"fr-FR\"}]}<\/script>\n<!-- \/ Yoast SEO plugin. -->","yoast_head_json":{"title":"Sols - Craig Sutton","robots":{"index":"index","follow":"follow","max-snippet":"max-snippet:-1","max-image-preview":"max-image-preview:large","max-video-preview":"max-video-preview:-1"},"canonical":"https:\/\/mu.coherences.com\/craigsutton\/photos\/","og_locale":"fr_FR","og_type":"article","og_title":"Sols - Craig Sutton","og_description":"Le regard se porte vers le sol. A notre grand \u00e9tonnement, il y a de la beaut\u00e9, des couleurs, des textures, des t\u00e2ches de lumi\u00e8re&#8230; &nbsp;","og_url":"https:\/\/mu.coherences.com\/craigsutton\/photos\/","og_site_name":"Craig Sutton","article_modified_time":"2019-04-27T16:32:40+00:00","twitter_card":"summary_large_image","schema":{"@context":"https:\/\/schema.org","@graph":[{"@type":"WebPage","@id":"https:\/\/mu.coherences.com\/craigsutton\/photos\/","url":"https:\/\/mu.coherences.com\/craigsutton\/photos\/","name":"Sols - Craig Sutton","isPartOf":{"@id":"http:\/\/mu.coherences.com\/craigsutton\/#website"},"datePublished":"2016-09-14T16:29:55+00:00","dateModified":"2019-04-27T16:32:40+00:00","breadcrumb":{"@id":"https:\/\/mu.coherences.com\/craigsutton\/photos\/#breadcrumb"},"inLanguage":"fr-FR","potentialAction":[{"@type":"ReadAction","target":["https:\/\/mu.coherences.com\/craigsutton\/photos\/"]}]},{"@type":"BreadcrumbList","@id":"https:\/\/mu.coherences.com\/craigsutton\/photos\/#breadcrumb","itemListElement":[{"@type":"ListItem","position":1,"name":"Accueil","item":"http:\/\/mu.coherences.com\/craigsutton\/"},{"@type":"ListItem","position":2,"name":"Sols"}]},{"@type":"WebSite","@id":"http:\/\/mu.coherences.com\/craigsutton\/#website","url":"http:\/\/mu.coherences.com\/craigsutton\/","name":"Craig Sutton","description":"Plasticien","potentialAction":[{"@type":"SearchAction","target":{"@type":"EntryPoint","urlTemplate":"http:\/\/mu.coherences.com\/craigsutton\/?s={search_term_string}"},"query-input":{"@type":"PropertyValueSpecification","valueRequired":true,"valueName":"search_term_string"}}],"inLanguage":"fr-FR"}]}},"_links":{"self":[{"href":"http:\/\/mu.coherences.com\/craigsutton\/wp-json\/wp\/v2\/pages\/11","targetHints":{"allow":["GET"]}}],"collection":[{"href":"http:\/\/mu.coherences.com\/craigsutton\/wp-json\/wp\/v2\/pages"}],"about":[{"href":"http:\/\/mu.coherences.com\/craigsutton\/wp-json\/wp\/v2\/types\/page"}],"author":[{"embeddable":true,"href":"http:\/\/mu.coherences.com\/craigsutton\/wp-json\/wp\/v2\/users\/1"}],"replies":[{"embeddable":true,"href":"http:\/\/mu.coherences.com\/craigsutton\/wp-json\/wp\/v2\/comments?post=11"}],"version-history":[{"count":16,"href":"http:\/\/mu.coherences.com\/craigsutton\/wp-json\/wp\/v2\/pages\/11\/revisions"}],"predecessor-version":[{"id":262,"href":"http:\/\/mu.coherences.com\/craigsutton\/wp-json\/wp\/v2\/pages\/11\/revisions\/262"}],"wp:attachment":[{"href":"http:\/\/mu.coherences.com\/craigsutton\/wp-json\/wp\/v2\/media?parent=11"}],"curies":[{"name":"wp","href":"https:\/\/api.w.org\/{rel}","templated":true}]}}